{"id":1934,"date":"2025-09-11T17:54:42","date_gmt":"2025-09-11T23:54:42","guid":{"rendered":"https:\/\/neocorecr.com\/?page_id=1934"},"modified":"2025-09-20T20:36:54","modified_gmt":"2025-09-21T02:36:54","slug":"portafolio","status":"publish","type":"page","link":"https:\/\/neocorecr.com\/en\/portafolio\/","title":{"rendered":"Portfolio"},"content":{"rendered":"<div class=\"wp-block-stackable-columns alignfull stk-block-columns stk-block stk-990f6c8 stk-block-background stk--has-background-overlay\" data-block-id=\"990f6c8\"><style>.stk-990f6c8 .stk--block-align-990f6c8{align-items:flex-start !important;}.stk-990f6c8 {background-color:linear-gradient(180deg,rgb(171,210,228) 0%,rgb(255,255,255) 100%) !important;border-top-left-radius:0px !important;border-top-right-radius:0px !important;border-bottom-right-radius:0px !important;border-bottom-left-radius:0px !important;overflow:hidden !important;padding-top:40px !important;padding-right:80px !important;padding-bottom:0px !important;padding-left:110px !important;}.stk-990f6c8:before{background-image:linear-gradient(180deg,rgb(171,210,228) 0%,rgb(255,255,255) 100%) !important;}.stk-990f6c8-column{--stk-columns-spacing:0px !important;--stk-column-gap:0px !important;row-gap:0px !important;}@media screen and (max-width:999px){.stk-990f6c8 {padding-top:20px !important;padding-right:20px !important;padding-bottom:20px !important;padding-left:20px !important;margin-bottom:0px !important;}}@media screen and (max-width:689px){.stk-990f6c8 {padding-top:25px !important;padding-right:30px !important;padding-left:30px !important;}}<\/style><div class=\"stk-row stk-inner-blocks stk--block-align-990f6c8 stk-block-content stk-content-align stk-990f6c8-column\">\n<div class=\"wp-block-stackable-column stk-block-column stk-column stk-block stk-6f5dc62\" data-v=\"4\" data-block-id=\"6f5dc62\"><div class=\"stk-column-wrapper stk-block-column__content stk-container stk-6f5dc62-container stk--no-background stk--no-padding\"><div class=\"stk-block-content stk-inner-blocks stk-6f5dc62-inner-blocks\">\n<div class=\"wp-block-stackable-heading stk-block-heading stk-block-heading--v2 stk-block stk-ae92e86\" id=\"nuestros-trabajos-diseno-web-y-soporte-digital\" data-block-id=\"ae92e86\"><style>.stk-ae92e86 {align-items:center !important;padding-top:0px !important;padding-right:0px !important;padding-bottom:0px !important;padding-left:0px !important;margin-top:-17px !important;margin-right:auto !important;margin-bottom:19px !important;display:flex !important;}.stk-ae92e86 .stk-block-heading__text{font-size:55px !important;color:#060640 !important;line-height:1.5em !important;font-weight:800 !important;font-style:normal !important;font-family:\"Poppins\", Sans-serif !important;}@media screen and (max-width:999px){.stk-ae92e86 .stk-block-heading__text{font-size:50px !important;}}@media screen and (max-width:689px){.stk-ae92e86 {margin-bottom:15px !important;}.stk-ae92e86 .stk-block-heading__text{font-size:40px !important;}}<\/style><h1 class=\"stk-block-heading__text has-text-color has-palette-color-8-color has-text-align-left\">Our services: Web Design and Digital Support<\/h1><\/div>\n<\/div><\/div><\/div>\n<\/div><\/div>\n\n\n\n<div class=\"wp-block-stackable-columns alignfull stk-block-columns stk-block stk-be70983\" data-block-id=\"be70983\"><style>.stk-be70983 {margin-top:var(--stk--preset--spacing--70, 3.38rem) !important;margin-bottom:0px !important;}<\/style><div class=\"stk-row stk-inner-blocks stk-block-content stk-content-align stk-be70983-column\">\n<div class=\"wp-block-stackable-column stk-block-column stk-column stk-block stk-83e0e09\" data-v=\"4\" data-block-id=\"83e0e09\"><div class=\"stk-column-wrapper stk-block-column__content stk-container stk-83e0e09-container stk--no-background stk--no-padding\"><div class=\"stk-block-content stk-inner-blocks stk-83e0e09-inner-blocks\">\n<div class=\"wp-block-stackable-heading stk-block-heading stk-block-heading--v2 stk-block stk-165b085\" id=\"diseno-web-seo\" data-block-id=\"165b085\"><style>.stk-165b085 {min-height:0px !important;align-items:flex-start !important;max-width:839px !important;min-width:auto !important;padding-top:0px !important;padding-right:0px !important;padding-bottom:0px !important;padding-left:0px !important;margin-top:40px !important;margin-right:auto !important;margin-left:0px !important;display:flex !important;}.stk-165b085 .stk-block-heading__text{font-size:40px !important;color:#060640 !important;line-height:1.5em !important;font-weight:700 !important;font-style:normal !important;font-family:\"Poppins\", Sans-serif !important;}@media screen and (max-width:999px){.stk-165b085 {margin-top:15px !important;}.stk-165b085 .stk-block-heading__text{font-size:50px !important;}}@media screen and (max-width:689px){.stk-165b085 {margin-bottom:15px !important;}.stk-165b085 .stk-block-heading__text{font-size:35px !important;}}<\/style><h2 class=\"stk-block-heading__text has-text-color has-palette-color-8-color has-text-align-left\">Web Design\/SEO<\/h2><\/div>\n\n\n\n<div class=\"wp-block-stackable-carousel alignfull stk-block-carousel stk--is-slide stk--infinite-scroll stk--arrows-outside stk--arrows-justify-space-between stk--arrows-align-center stk-block stk-14230c2\" data-slides-to-show=\"3\" data-block-id=\"14230c2\"><style>.stk-14230c2 {--slides-to-show:3 !important;--gap:15px !important;--button-offset:12px !important;padding-bottom:20px !important;}.stk-14230c2 .stk-block-carousel__button{background:#aad1e38f !important;fill:#060640 !important;opacity:0.9 !important;}.stk-14230c2 .stk-block-carousel__button:hover{background:#4ba3cca3 !important;fill:#060640 !important;}.stk-14230c2 .stk-block-carousel__button svg.ugb-custom-icon :is(g, path, rect, polygon, ellipse){fill:#060640 !important;}.stk-14230c2 .stk-block-carousel__button svg.ugb-custom-icon :is(g, path, rect, polygon, ellipse):hover{fill:#060640 !important;}.stk-14230c2 .stk-block-carousel__dot{--dot-color:#060640 !important;}.stk-14230c2 .stk-block-carousel__dot.stk-block-carousel__dot--active:before{background-color:#060640 !important;}@media screen and (max-width:999px){.stk-14230c2 {--slides-to-show:1 !important;}}@media screen and (max-width:689px){.stk-14230c2 {--slides-to-show:1 !important;--gap:0px !important;--button-width:25px !important;--button-height:25px !important;}.stk-14230c2 .stk-block-carousel__button svg{width:15px !important;height:15px !important;}}<\/style><div class=\"stk-block-carousel__content-wrapper\"><div class=\"stk-row stk-inner-blocks stk-block-content stk-block-carousel__slider-wrapper stk-content-align stk-14230c2-column\"><div class=\"stk-block-carousel__slider\" role=\"list\" data-autoplay=\"6000\" data-label-slide-of=\"Slide %%d of %%d\">\n<div class=\"wp-block-stackable-column stk-block-column stk-column stk-block stk-3030b4b\" data-v=\"4\" data-block-id=\"3030b4b\"><style>.stk-3030b4b {border-top-left-radius:15px !important;border-top-right-radius:15px !important;border-bottom-right-radius:15px !important;border-bottom-left-radius:15px !important;overflow:hidden !important;box-shadow:1px 1px 5px 0px #060640 !important;margin-right:5px !important;margin-bottom:20px !important;margin-left:5px !important;}@media screen and (max-width:999px){.stk-3030b4b {margin-right:10px !important;margin-left:10px !important;}}<\/style><div class=\"stk-column-wrapper stk-block-column__content stk-container stk-3030b4b-container stk--no-background stk--no-padding\"><div class=\"stk-block-content stk-inner-blocks stk-3030b4b-inner-blocks\">\n<div class=\"wp-block-stackable-image stk-block-image stk-block stk-cda7b79\" data-block-id=\"cda7b79\"><style>.stk-cda7b79 {border-top-left-radius:15px !important;border-top-right-radius:15px !important;border-bottom-right-radius:15px !important;border-bottom-left-radius:15px !important;overflow:hidden !important;}<\/style><figure><span class=\"stk-img-wrapper stk-image--shape-stretch\"><img loading=\"lazy\" decoding=\"async\" class=\"stk-img wp-image-1294\" src=\"http:\/\/neocorecr.com\/wp-content\/uploads\/2025\/08\/Robalo-Tours-Cliente.webp\" width=\"1900\" height=\"866\" alt=\"Captura de pantalla del sitio web de R\u00f3balo Tours, proyecto de dise\u00f1o web realizado por NeoCore Digital Solutions\" srcset=\"https:\/\/neocorecr.com\/wp-content\/uploads\/2025\/08\/Robalo-Tours-Cliente.webp 1900w, https:\/\/neocorecr.com\/wp-content\/uploads\/2025\/08\/Robalo-Tours-Cliente-300x137.webp 300w, https:\/\/neocorecr.com\/wp-content\/uploads\/2025\/08\/Robalo-Tours-Cliente-1024x467.webp 1024w, https:\/\/neocorecr.com\/wp-content\/uploads\/2025\/08\/Robalo-Tours-Cliente-768x350.webp 768w, https:\/\/neocorecr.com\/wp-content\/uploads\/2025\/08\/Robalo-Tours-Cliente-1536x700.webp 1536w\" sizes=\"auto, (max-width: 1900px) 100vw, 1900px\" \/><\/span><\/figure><\/div>\n\n\n\n<div class=\"wp-block-stackable-heading stk-block-heading stk-block-heading--v2 stk-block stk-a609c48\" id=\"title-1-placeholder\" data-block-id=\"a609c48\"><style>.stk-a609c48 .stk-block-heading__text{color:#060640 !important;font-family:\"Poppins\", Sans-serif !important;}<\/style><h3 class=\"stk-block-heading__text has-text-color has-text-align-center\">R\u00f3balo Tours<\/h3><\/div>\n\n\n\n<div class=\"wp-block-stackable-text stk-block-text stk-block stk-303b04c\" data-block-id=\"303b04c\"><style>.stk-303b04c {margin-right:8px !important;margin-bottom:5px !important;margin-left:8px !important;}.stk-303b04c .stk-block-text__text{color:#060640 !important;font-weight:normal !important;font-family:\"Poppins\", Sans-serif !important;}<\/style><p class=\"stk-block-text__text has-text-color has-text-align-justify has-text-align-center-mobile\">Family-run tourism agency with over three years of experience in maritime transport and water excursions in the province of Bocas del Toro, Panama.<\/p><\/div>\n<\/div><\/div><\/div>\n\n\n\n<div class=\"wp-block-stackable-column stk-block-column stk-column stk-block stk-7d96787\" data-v=\"4\" data-block-id=\"7d96787\"><style>.stk-7d96787 {border-top-left-radius:15px !important;border-top-right-radius:15px !important;border-bottom-right-radius:15px !important;border-bottom-left-radius:15px !important;overflow:hidden !important;box-shadow:1px 1px 5px 0px #060640 !important;margin-right:5px !important;margin-bottom:20px !important;margin-left:5px !important;}@media screen and (max-width:999px){.stk-7d96787 {margin-right:10px !important;margin-left:10px !important;}}<\/style><div class=\"stk-column-wrapper stk-block-column__content stk-container stk-7d96787-container stk--no-background stk--no-padding\"><div class=\"stk-block-content stk-inner-blocks stk-7d96787-inner-blocks\">\n<div class=\"wp-block-stackable-image stk-block-image stk-block stk-dbd08e6\" data-block-id=\"dbd08e6\"><style>.stk-dbd08e6 {border-top-left-radius:15px !important;border-top-right-radius:15px !important;border-bottom-right-radius:15px !important;border-bottom-left-radius:15px !important;overflow:hidden !important;}<\/style><figure><span class=\"stk-img-wrapper stk-image--shape-stretch\"><img loading=\"lazy\" decoding=\"async\" class=\"stk-img wp-image-2047\" src=\"http:\/\/neocorecr.com\/wp-content\/uploads\/2025\/09\/NeoCoreDS.webp\" width=\"1832\" height=\"826\" alt=\"Captura de pantalla del sitio web de NeoCore Digital Solutions, nuestra p\u00e1gina actual.\" srcset=\"https:\/\/neocorecr.com\/wp-content\/uploads\/2025\/09\/NeoCoreDS.webp 1832w, https:\/\/neocorecr.com\/wp-content\/uploads\/2025\/09\/NeoCoreDS-300x135.webp 300w, https:\/\/neocorecr.com\/wp-content\/uploads\/2025\/09\/NeoCoreDS-1024x462.webp 1024w, https:\/\/neocorecr.com\/wp-content\/uploads\/2025\/09\/NeoCoreDS-768x346.webp 768w, https:\/\/neocorecr.com\/wp-content\/uploads\/2025\/09\/NeoCoreDS-1536x693.webp 1536w\" sizes=\"auto, (max-width: 1832px) 100vw, 1832px\" \/><\/span><\/figure><\/div>\n\n\n\n<div class=\"wp-block-stackable-heading stk-block-heading stk-block-heading--v2 stk-block stk-39f3602\" id=\"title-2-placeholder\" data-block-id=\"39f3602\"><style>.stk-39f3602 .stk-block-heading__text{color:#060640 !important;}<\/style><h3 class=\"stk-block-heading__text has-text-color has-text-align-center\">NeoCore Digital Solutions<\/h3><\/div>\n\n\n\n<div class=\"wp-block-stackable-text stk-block-text stk-block stk-9798154\" data-block-id=\"9798154\"><style>.stk-9798154 {margin-right:8px !important;margin-bottom:5px !important;margin-left:8px !important;}.stk-9798154 .stk-block-text__text{color:#060640 !important;font-weight:normal !important;font-family:\"Poppins\", Sans-serif !important;}<\/style><p class=\"stk-block-text__text has-text-color has-text-align-justify has-text-align-center-mobile\">Agency that empowers entrepreneurs and businesses by providing professional and efficient digital solutions with a proactive approach.<\/p><\/div>\n<\/div><\/div><\/div>\n<\/div><div class=\"stk-block-carousel__buttons\"><button class=\"stk-block-carousel__button stk-block-carousel__button__prev\" aria-label=\"Previous slide\"><svg aria-hidden=\"true\" focusable=\"false\" data-prefix=\"fas\" data-icon=\"chevron-left\" class=\"svg-inline--fa fa-chevron-left\" xmlns=\"http:\/\/www.w3.org\/2000\/svg\" viewbox=\"0 0 320 512\" width=\"32\" height=\"32\"><path d=\"M34.52 239.03L228.87 44.69c9.37-9.37 24.57-9.37 33.94 0l22.67 22.67c9.36 9.36 9.37 24.52.04 33.9L131.49 256l154.02 154.75c9.34 9.38 9.32 24.54-.04 33.9l-22.67 22.67c-9.37 9.37-24.57 9.37-33.94 0L34.52 272.97c-9.37-9.37-9.37-24.57 0-33.94z\"><\/path><\/svg><\/button><button class=\"stk-block-carousel__button stk-block-carousel__button__next\" aria-label=\"Next slide\"><svg aria-hidden=\"true\" focusable=\"false\" data-prefix=\"fas\" data-icon=\"chevron-right\" class=\"svg-inline--fa fa-chevron-right\" xmlns=\"http:\/\/www.w3.org\/2000\/svg\" viewbox=\"0 0 320 512\" width=\"32\" height=\"32\"><path d=\"M285.476 272.971L91.132 467.314c-9.373 9.373-24.569 9.373-33.941 0l-22.667-22.667c-9.357-9.357-9.375-24.522-.04-33.901L188.505 256 34.484 101.255c-9.335-9.379-9.317-24.544.04-33.901l22.667-22.667c9.373-9.373 24.569-9.373 33.941 0L285.475 239.03c9.373 9.372 9.373 24.568.001 33.941z\"><\/path><\/svg><\/button><\/div><\/div><div class=\"stk-block-carousel__dots\" role=\"list\" data-label=\"Slide %%d\"><\/div><\/div><\/div>\n<\/div><\/div><\/div>\n<\/div><\/div>\n\n\n\n<div class=\"wp-block-stackable-columns stk-block-columns stk-block stk-6a34a68\" data-block-id=\"6a34a68\"><style>.stk-6a34a68 {margin-top:5px !important;}@media screen and (max-width:689px){.stk-6a34a68 {margin-top:15px !important;}}<\/style><div class=\"stk-row stk-inner-blocks stk-block-content stk-content-align stk-6a34a68-column\">\n<div class=\"wp-block-stackable-column stk-block-column stk-column stk-block stk-2e96372\" data-v=\"4\" data-block-id=\"2e96372\"><div class=\"stk-column-wrapper stk-block-column__content stk-container stk-2e96372-container stk--no-background stk--no-padding\"><div class=\"stk-block-content stk-inner-blocks stk-2e96372-inner-blocks\">\n<div class=\"wp-block-stackable-heading stk-block-heading stk-block-heading--v2 stk-block stk-c3c2a6b\" id=\"soporte-operativo\" data-block-id=\"c3c2a6b\"><style>.stk-c3c2a6b {min-height:0px !important;align-items:flex-start !important;max-width:839px !important;min-width:auto !important;padding-top:0px !important;padding-right:0px !important;padding-bottom:0px !important;padding-left:0px !important;margin-top:20px !important;margin-right:auto !important;margin-left:0px !important;display:flex !important;}.stk-c3c2a6b .stk-block-heading__text{font-size:40px !important;color:#060640 !important;line-height:1.5em !important;font-weight:700 !important;font-style:normal !important;font-family:\"Poppins\", Sans-serif !important;}@media screen and (max-width:999px){.stk-c3c2a6b {margin-top:15px !important;}.stk-c3c2a6b .stk-block-heading__text{font-size:50px !important;}}@media screen and (max-width:689px){.stk-c3c2a6b {margin-bottom:15px !important;}.stk-c3c2a6b .stk-block-heading__text{font-size:35px !important;}}<\/style><h2 class=\"stk-block-heading__text has-text-color has-palette-color-8-color has-text-align-left\">Operational Support<\/h2><\/div>\n\n\n\n<div class=\"wp-block-stackable-carousel alignfull stk-block-carousel stk--is-slide stk--infinite-scroll stk--arrows-outside stk--arrows-justify-space-between stk--arrows-align-center stk-block stk-1954b72\" data-slides-to-show=\"3\" data-block-id=\"1954b72\"><style>.stk-1954b72 {--slides-to-show:3 !important;--gap:15px !important;--button-offset:12px !important;padding-bottom:20px !important;}.stk-1954b72 .stk-block-carousel__button{background:#aad1e38f !important;fill:#060640 !important;opacity:0.9 !important;}.stk-1954b72 .stk-block-carousel__button svg.ugb-custom-icon :is(g, path, rect, polygon, ellipse){fill:#060640 !important;}.stk-1954b72 .stk-block-carousel__dot{--dot-color:#060640 !important;}.stk-1954b72 .stk-block-carousel__dot.stk-block-carousel__dot--active:before{background-color:#060640 !important;}@media screen and (max-width:999px){.stk-1954b72 {--slides-to-show:1 !important;}}@media screen and (max-width:689px){.stk-1954b72 {--slides-to-show:1 !important;--gap:0px !important;--button-width:25px !important;--button-height:25px !important;}.stk-1954b72 .stk-block-carousel__button svg{width:15px !important;height:15px !important;}}<\/style><div class=\"stk-block-carousel__content-wrapper\"><div class=\"stk-row stk-inner-blocks stk-block-content stk-block-carousel__slider-wrapper stk-content-align stk-1954b72-column\"><div class=\"stk-block-carousel__slider\" role=\"list\" data-autoplay=\"6000\" data-label-slide-of=\"Slide %%d of %%d\">\n<div class=\"wp-block-stackable-column stk-block-column stk-column stk-block stk-3046056\" data-v=\"4\" data-block-id=\"3046056\"><style>.stk-3046056 {border-top-left-radius:15px !important;border-top-right-radius:15px !important;border-bottom-right-radius:15px !important;border-bottom-left-radius:15px !important;overflow:hidden !important;box-shadow:1px 1px 5px 0px #060640 !important;margin-right:5px !important;margin-bottom:20px !important;margin-left:5px !important;}@media screen and (max-width:689px){.stk-3046056 {margin-bottom:15px !important;}}<\/style><div class=\"stk-column-wrapper stk-block-column__content stk-container stk-3046056-container stk--no-background stk--no-padding\"><div class=\"stk-block-content stk-inner-blocks stk-3046056-inner-blocks\">\n<div class=\"wp-block-stackable-image stk-block-image stk-block stk-4245251\" data-block-id=\"4245251\"><style>.stk-4245251 {border-top-left-radius:15px !important;border-top-right-radius:15px !important;border-bottom-right-radius:15px !important;border-bottom-left-radius:15px !important;overflow:hidden !important;}.stk-4245251 .stk-img-wrapper{width:1002px !important;}<\/style><figure><span class=\"stk-img-wrapper stk-image--shape-stretch\"><img loading=\"lazy\" decoding=\"async\" class=\"stk-img wp-image-2194\" src=\"http:\/\/neocorecr.com\/wp-content\/uploads\/2025\/09\/Administracion-Email-Organizacion.webp\" width=\"1855\" height=\"808\" alt=\"Servicio de organizaci\u00f3n de correo electr\u00f3nico de NeoCore. Antes y despu\u00e9s de una bandeja de entrada gestionada con filtros y categor\u00edas.\" srcset=\"https:\/\/neocorecr.com\/wp-content\/uploads\/2025\/09\/Administracion-Email-Organizacion.webp 1855w, https:\/\/neocorecr.com\/wp-content\/uploads\/2025\/09\/Administracion-Email-Organizacion-300x131.webp 300w, https:\/\/neocorecr.com\/wp-content\/uploads\/2025\/09\/Administracion-Email-Organizacion-1024x446.webp 1024w, https:\/\/neocorecr.com\/wp-content\/uploads\/2025\/09\/Administracion-Email-Organizacion-768x335.webp 768w, https:\/\/neocorecr.com\/wp-content\/uploads\/2025\/09\/Administracion-Email-Organizacion-1536x669.webp 1536w\" sizes=\"auto, (max-width: 1855px) 100vw, 1855px\" \/><\/span><\/figure><\/div>\n\n\n\n<div class=\"wp-block-stackable-heading stk-block-heading stk-block-heading--v2 stk-block stk-59c22c7\" id=\"title-1-placeholder\" data-block-id=\"59c22c7\"><style>.stk-59c22c7 {margin-right:8px !important;margin-bottom:24px !important;margin-left:8px !important;}.stk-59c22c7 .stk-block-heading__text{color:#060640 !important;font-family:\"Poppins\", Sans-serif !important;}<\/style><h3 class=\"stk-block-heading__text has-text-color has-text-align-center\">Inbox organization<\/h3><\/div>\n\n\n\n<div class=\"wp-block-stackable-text stk-block-text stk-block stk-b975aeb\" data-block-id=\"b975aeb\"><style>.stk-b975aeb {margin-right:10px !important;margin-bottom:5px !important;margin-left:10px !important;}.stk-b975aeb .stk-block-text__text{color:#060640 !important;font-weight:normal !important;font-family:\"Poppins\", Sans-serif !important;}@media screen and (max-width:689px){.stk-b975aeb {margin-right:5px !important;margin-left:5px !important;}}<\/style><p class=\"stk-block-text__text has-text-color has-text-align-justify has-text-align-justify-mobile\">In this project, we transformed an overflowing inbox into an organized system. We implemented a categorization strategy, automatic filters, and custom labels so that each email goes to the right place, allowing your client to reclaim their time and focus on their business.<\/p><\/div>\n<\/div><\/div><\/div>\n\n\n\n<div class=\"wp-block-stackable-column stk-block-column stk-column stk-block stk-51eb68c\" data-v=\"4\" data-block-id=\"51eb68c\"><style>.stk-51eb68c {border-top-left-radius:15px !important;border-top-right-radius:15px !important;border-bottom-right-radius:15px !important;border-bottom-left-radius:15px !important;overflow:hidden !important;box-shadow:1px 1px 5px 0px #060640 !important;margin-right:5px !important;margin-bottom:20px !important;margin-left:5px !important;}@media screen and (max-width:689px){.stk-51eb68c {margin-right:2px !important;margin-bottom:15px !important;margin-left:2px !important;}}<\/style><div class=\"stk-column-wrapper stk-block-column__content stk-container stk-51eb68c-container stk--no-background stk--no-padding\"><div class=\"stk-block-content stk-inner-blocks stk-51eb68c-inner-blocks\">\n<div class=\"wp-block-stackable-image stk-block-image stk-block stk-1d09797\" data-block-id=\"1d09797\"><style>.stk-1d09797 {border-top-left-radius:15px !important;border-top-right-radius:15px !important;border-bottom-right-radius:15px !important;border-bottom-left-radius:15px !important;overflow:hidden !important;}.stk-1d09797 .stk-img-wrapper{width:1002px !important;}<\/style><figure><span class=\"stk-img-wrapper stk-image--shape-stretch\"><img loading=\"lazy\" decoding=\"async\" class=\"stk-img wp-image-2201\" src=\"http:\/\/neocorecr.com\/wp-content\/uploads\/2025\/09\/Calendario-Personal.webp\" width=\"1865\" height=\"851\" alt=\"Calendario personal organizado por NeoCore Digital Solutions. Ejemplo de gesti\u00f3n de tiempo y eficiencia.\" srcset=\"https:\/\/neocorecr.com\/wp-content\/uploads\/2025\/09\/Calendario-Personal.webp 1865w, https:\/\/neocorecr.com\/wp-content\/uploads\/2025\/09\/Calendario-Personal-300x137.webp 300w, https:\/\/neocorecr.com\/wp-content\/uploads\/2025\/09\/Calendario-Personal-1024x467.webp 1024w, https:\/\/neocorecr.com\/wp-content\/uploads\/2025\/09\/Calendario-Personal-768x350.webp 768w, https:\/\/neocorecr.com\/wp-content\/uploads\/2025\/09\/Calendario-Personal-1536x701.webp 1536w\" sizes=\"auto, (max-width: 1865px) 100vw, 1865px\" \/><\/span><\/figure><\/div>\n\n\n\n<div class=\"wp-block-stackable-heading stk-block-heading stk-block-heading--v2 stk-block stk-3d2a791\" id=\"title-1-placeholder\" data-block-id=\"3d2a791\"><style>.stk-3d2a791 {margin-right:8px !important;margin-left:8px !important;}.stk-3d2a791 .stk-block-heading__text{color:#060640 !important;font-family:\"Poppins\", Sans-serif !important;}<\/style><h3 class=\"stk-block-heading__text has-text-color has-text-align-center\">Personal calendar management<\/h3><\/div>\n\n\n\n<div class=\"wp-block-stackable-text stk-block-text stk-block stk-f476452\" data-block-id=\"f476452\"><style>.stk-f476452 {margin-right:10px !important;margin-bottom:5px !important;margin-left:10px !important;}.stk-f476452 .stk-block-text__text{color:#060640 !important;font-weight:normal !important;font-family:\"Poppins\", Sans-serif !important;}@media screen and (max-width:689px){.stk-f476452 {margin-right:5px !important;margin-left:5px !important;}}<\/style><p class=\"stk-block-text__text has-text-color has-text-align-justify has-text-align-justify-mobile\">In this case, we created a customized calendar system, eliminating the overload in our client's schedule. We designed an organized structure with time blocks and colors for each task, from meetings to focus time. <\/p><\/div>\n<\/div><\/div><\/div>\n<\/div><div class=\"stk-block-carousel__buttons\"><button class=\"stk-block-carousel__button stk-block-carousel__button__prev\" aria-label=\"Previous slide\"><svg aria-hidden=\"true\" focusable=\"false\" data-prefix=\"fas\" data-icon=\"chevron-left\" class=\"svg-inline--fa fa-chevron-left\" xmlns=\"http:\/\/www.w3.org\/2000\/svg\" viewbox=\"0 0 320 512\" width=\"32\" height=\"32\"><path d=\"M34.52 239.03L228.87 44.69c9.37-9.37 24.57-9.37 33.94 0l22.67 22.67c9.36 9.36 9.37 24.52.04 33.9L131.49 256l154.02 154.75c9.34 9.38 9.32 24.54-.04 33.9l-22.67 22.67c-9.37 9.37-24.57 9.37-33.94 0L34.52 272.97c-9.37-9.37-9.37-24.57 0-33.94z\"><\/path><\/svg><\/button><button class=\"stk-block-carousel__button stk-block-carousel__button__next\" aria-label=\"Next slide\"><svg aria-hidden=\"true\" focusable=\"false\" data-prefix=\"fas\" data-icon=\"chevron-right\" class=\"svg-inline--fa fa-chevron-right\" xmlns=\"http:\/\/www.w3.org\/2000\/svg\" viewbox=\"0 0 320 512\" width=\"32\" height=\"32\"><path d=\"M285.476 272.971L91.132 467.314c-9.373 9.373-24.569 9.373-33.941 0l-22.667-22.667c-9.357-9.357-9.375-24.522-.04-33.901L188.505 256 34.484 101.255c-9.335-9.379-9.317-24.544.04-33.901l22.667-22.667c9.373-9.373 24.569-9.373 33.941 0L285.475 239.03c9.373 9.372 9.373 24.568.001 33.941z\"><\/path><\/svg><\/button><\/div><\/div><div class=\"stk-block-carousel__dots\" role=\"list\" data-label=\"Slide %%d\"><\/div><\/div><\/div>\n<\/div><\/div><\/div>\n<\/div><\/div>","protected":false},"excerpt":{"rendered":"<p>Nuestros trabajos: Dise\u00f1o Web y Soporte Digital Dise\u00f1o Web\/SEO Soporte Operativo<\/p>","protected":false},"author":1,"featured_media":821,"parent":0,"menu_order":0,"comment_status":"closed","ping_status":"closed","template":"","meta":{"_monsterinsights_skip_tracking":false,"_monsterinsights_sitenote_active":false,"_monsterinsights_sitenote_note":"","_monsterinsights_sitenote_category":0,"footnotes":""},"class_list":["post-1934","page","type-page","status-publish","has-post-thumbnail","hentry"],"blocksy_meta":{"has_hero_section":"disabled","styles_descriptor":{"styles":{"desktop":"","tablet":"","mobile":""},"google_fonts":[],"version":6},"vertical_spacing_source":"custom","content_area_spacing":"none"},"aioseo_notices":[],"_links":{"self":[{"href":"https:\/\/neocorecr.com\/en\/wp-json\/wp\/v2\/pages\/1934","targetHints":{"allow":["GET"]}}],"collection":[{"href":"https:\/\/neocorecr.com\/en\/wp-json\/wp\/v2\/pages"}],"about":[{"href":"https:\/\/neocorecr.com\/en\/wp-json\/wp\/v2\/types\/page"}],"author":[{"embeddable":true,"href":"https:\/\/neocorecr.com\/en\/wp-json\/wp\/v2\/users\/1"}],"replies":[{"embeddable":true,"href":"https:\/\/neocorecr.com\/en\/wp-json\/wp\/v2\/comments?post=1934"}],"version-history":[{"count":104,"href":"https:\/\/neocorecr.com\/en\/wp-json\/wp\/v2\/pages\/1934\/revisions"}],"predecessor-version":[{"id":2276,"href":"https:\/\/neocorecr.com\/en\/wp-json\/wp\/v2\/pages\/1934\/revisions\/2276"}],"wp:featuredmedia":[{"embeddable":true,"href":"https:\/\/neocorecr.com\/en\/wp-json\/wp\/v2\/media\/821"}],"wp:attachment":[{"href":"https:\/\/neocorecr.com\/en\/wp-json\/wp\/v2\/media?parent=1934"}],"curies":[{"name":"wp","href":"https:\/\/api.w.org\/{rel}","templated":true}]}}