{"id":3,"date":"2025-02-06T18:02:11","date_gmt":"2025-02-06T18:02:11","guid":{"rendered":"http:\/\/neocorecr.com\/?page_id=3"},"modified":"2025-09-17T14:40:55","modified_gmt":"2025-09-17T20:40:55","slug":"aviso-privacidad","status":"publish","type":"page","link":"https:\/\/neocorecr.com\/en\/aviso-privacidad\/","title":{"rendered":"AVISO DE PRIVACIDAD"},"content":{"rendered":"<div class=\"wp-block-stackable-columns alignfull stk-block-columns stk-block stk-990f6c8 stk-block-background stk--has-background-overlay\" data-block-id=\"990f6c8\"><style>.stk-990f6c8 .stk--block-align-990f6c8{align-items:flex-start !important;}.stk-990f6c8 {background-color:linear-gradient(180deg,rgb(171,210,228) 0%,rgb(255,255,255) 100%) !important;border-top-left-radius:0px !important;border-top-right-radius:0px !important;border-bottom-right-radius:0px !important;border-bottom-left-radius:0px !important;overflow:hidden !important;padding-top:40px !important;padding-right:80px !important;padding-bottom:0px !important;padding-left:110px !important;}.stk-990f6c8:before{background-image:linear-gradient(180deg,rgb(171,210,228) 0%,rgb(255,255,255) 100%) !important;}.stk-990f6c8-column{--stk-columns-spacing:0px !important;--stk-column-gap:0px !important;row-gap:0px !important;}@media screen and (max-width:999px){.stk-990f6c8 {padding-top:20px !important;padding-right:20px !important;padding-bottom:20px !important;padding-left:20px !important;}}@media screen and (max-width:689px){.stk-990f6c8 {padding-top:25px !important;padding-right:30px !important;padding-left:30px !important;}}<\/style><div class=\"stk-row stk-inner-blocks stk--block-align-990f6c8 stk-block-content stk-content-align stk-990f6c8-column\">\n<div class=\"wp-block-stackable-column stk-block-column stk-column stk-block stk-6f5dc62\" data-v=\"4\" data-block-id=\"6f5dc62\"><style>.stk-6f5dc62 {padding-top:20px !important;}.stk-6f5dc62-container{min-height:0px !important;}<\/style><div class=\"stk-column-wrapper stk-block-column__content stk-container stk-6f5dc62-container stk--no-background stk--no-padding\"><div class=\"stk-block-content stk-inner-blocks stk-6f5dc62-inner-blocks\">\n<div class=\"wp-block-stackable-heading stk-block-heading stk-block-heading--v2 stk-block stk-ae92e86\" id=\"aviso-de-privacidad\" data-block-id=\"ae92e86\"><style>.stk-ae92e86 {min-height:0px !important;align-items:flex-start !important;max-width:839px !important;min-width:auto !important;padding-top:0px !important;padding-right:0px !important;padding-bottom:0px !important;padding-left:0px !important;margin-top:-17px !important;margin-right:auto !important;margin-bottom:19px !important;margin-left:0px !important;display:flex !important;}.stk-ae92e86 .stk-block-heading__text{font-size:55px !important;color:#060640 !important;line-height:1.5em !important;font-weight:800 !important;font-style:normal !important;font-family:\"Poppins\", Sans-serif !important;}@media screen and (max-width:999px){.stk-ae92e86 .stk-block-heading__text{font-size:50px !important;}}@media screen and (max-width:689px){.stk-ae92e86 {margin-bottom:15px !important;}.stk-ae92e86 .stk-block-heading__text{font-size:35px !important;}}<\/style><h2 class=\"stk-block-heading__text has-text-color has-palette-color-8-color has-text-align-left\">AVISO DE PRIVACIDAD<\/h2><\/div>\n<\/div><\/div><\/div>\n<\/div><\/div>\n\n\n\n<div class=\"wp-block-stackable-columns stk-block-columns stk-block stk-478f238\" data-block-id=\"478f238\"><div class=\"stk-row stk-inner-blocks stk-block-content stk-content-align stk-478f238-column\">\n<div class=\"wp-block-stackable-column stk-block-column stk-column stk-block stk-41a6db6\" data-v=\"4\" data-block-id=\"41a6db6\"><div class=\"stk-column-wrapper stk-block-column__content stk-container stk-41a6db6-container stk--no-background stk--no-padding\"><div class=\"stk-block-content stk-inner-blocks stk-41a6db6-inner-blocks\">\n<p class=\"has-text-color has-link-color wp-elements-ace02bae175adec0105f23d56180558d\" style=\"color:#060640\">NeoCore Digital Solutions, con domicilio en Costa Rica, es el responsable del uso y protecci\u00f3n de sus datos personales.<\/p>\n\n\n\n<div class=\"wp-block-stackable-heading stk-block-heading stk-block-heading--v2 stk-block stk-fe88b42\" id=\"finalidades-primarias\" data-block-id=\"fe88b42\"><style>.stk-fe88b42 {min-height:0px !important;align-items:flex-start !important;max-width:839px !important;min-width:auto !important;margin-right:auto !important;margin-left:0px !important;display:flex !important;}.stk-fe88b42 .stk-block-heading__text{font-size:20px !important;color:#060640 !important;line-height:1.5em !important;font-weight:800 !important;font-style:normal !important;font-family:\"Poppins\", Sans-serif !important;}@media screen and (max-width:999px){.stk-fe88b42 .stk-block-heading__text{font-size:50px !important;}}@media screen and (max-width:689px){.stk-fe88b42 {margin-bottom:15px !important;}.stk-fe88b42 .stk-block-heading__text{font-size:35px !important;}}<\/style><h3 class=\"stk-block-heading__text has-text-color has-palette-color-8-color has-text-align-left\">FINALIDADES PRIMARIAS<\/h3><\/div>\n\n\n\n<p class=\"has-text-color has-link-color wp-elements-3bab37295bbb9623e230e7c50fd15642\" style=\"color:#060640\">Los datos personales que recabamos de usted, los utilizaremos para las siguientes finalidades que son necesarias para el servicio que solicita:<br><br>\u2022 Respuesta a mensajes del formulario de contacto<br>\u2022 Prestaci\u00f3n de cualquier servicio solicitado<\/p>\n\n\n\n<div class=\"wp-block-stackable-heading stk-block-heading stk-block-heading--v2 stk-block stk-f379caa\" id=\"datos-personales-recabados\" data-block-id=\"f379caa\"><style>.stk-f379caa {min-height:0px !important;align-items:flex-start !important;max-width:839px !important;min-width:auto !important;margin-right:auto !important;margin-left:0px !important;display:flex !important;}.stk-f379caa .stk-block-heading__text{font-size:20px !important;color:#060640 !important;line-height:1.5em !important;font-weight:800 !important;font-style:normal !important;font-family:\"Poppins\", Sans-serif !important;}@media screen and (max-width:999px){.stk-f379caa .stk-block-heading__text{font-size:50px !important;}}@media screen and (max-width:689px){.stk-f379caa {margin-bottom:15px !important;}.stk-f379caa .stk-block-heading__text{font-size:35px !important;}}<\/style><h3 class=\"stk-block-heading__text has-text-color has-palette-color-8-color has-text-align-left\">DATOS PERSONALES RECABADOS<\/h3><\/div>\n\n\n\n<p class=\"has-text-color has-link-color wp-elements-facb60cc6ad26e618a84b4966146909a\" style=\"color:#060640\">Para las finalidades se\u00f1aladas en el presente aviso de privacidad, podemos recabar sus datos de identificaci\u00f3n y contacto.<\/p>\n\n\n\n<div class=\"wp-block-stackable-heading stk-block-heading stk-block-heading--v2 stk-block stk-5148de0\" id=\"derechos-arco\" data-block-id=\"5148de0\"><style>.stk-5148de0 {min-height:0px !important;align-items:flex-start !important;max-width:839px !important;min-width:auto !important;margin-right:auto !important;margin-left:0px !important;display:flex !important;}.stk-5148de0 .stk-block-heading__text{font-size:20px !important;color:#060640 !important;line-height:1.5em !important;font-weight:800 !important;font-style:normal !important;font-family:\"Poppins\", Sans-serif !important;}@media screen and (max-width:999px){.stk-5148de0 .stk-block-heading__text{font-size:50px !important;}}@media screen and (max-width:689px){.stk-5148de0 {margin-bottom:15px !important;}.stk-5148de0 .stk-block-heading__text{font-size:35px !important;}}<\/style><h3 class=\"stk-block-heading__text has-text-color has-palette-color-8-color has-text-align-left\">DERECHOS ARCO<\/h3><\/div>\n\n\n\n<p class=\"has-text-color has-link-color wp-elements-77ae5ce69ff36fc265639bca955a81df\" style=\"color:#060640\">Usted tiene derecho a conocer qu\u00e9 datos personales tenemos de usted, para qu\u00e9 los utilizamos y las condiciones del uso que les damos (Acceso). Asimismo, es su derecho solicitar la correcci\u00f3n de su informaci\u00f3n personal en caso de que est\u00e9 desactualizada, sea inexacta o incompleta (Rectificaci\u00f3n); que la eliminemos de nuestros registros o bases de datos cuando considere que la misma no est\u00e1 siendo utilizada adecuadamente (Cancelaci\u00f3n); as\u00ed como oponerse al uso de sus datos personales para fines espec\u00edficos (Oposici\u00f3n). Estos derechos se conocen como derechos ARCO.<br><br>Para el ejercicio de cualquiera de los derechos ARCO, usted deber\u00e1 presentar la solicitud respectiva a trav\u00e9s de los medios especificados. La respuesta a su solicitud ser\u00e1 atendida en un plazo m\u00e1ximo de 15 d\u00edas h\u00e1biles.<\/p>\n\n\n\n<div class=\"wp-block-stackable-heading stk-block-heading stk-block-heading--v2 stk-block stk-2fc2c60\" id=\"datos-recabados-por-el-sitio-web\" data-block-id=\"2fc2c60\"><style>.stk-2fc2c60 {min-height:0px !important;align-items:flex-start !important;max-width:839px !important;min-width:auto !important;margin-right:auto !important;margin-left:0px !important;display:flex !important;}.stk-2fc2c60 .stk-block-heading__text{font-size:20px !important;color:#060640 !important;line-height:1.5em !important;font-weight:800 !important;font-style:normal !important;font-family:\"Poppins\", Sans-serif !important;}@media screen and (max-width:999px){.stk-2fc2c60 .stk-block-heading__text{font-size:50px !important;}}@media screen and (max-width:689px){.stk-2fc2c60 {margin-bottom:15px !important;}.stk-2fc2c60 .stk-block-heading__text{font-size:35px !important;}}<\/style><h3 class=\"stk-block-heading__text has-text-color has-palette-color-8-color has-text-align-left\">DATOS RECABADOS POR EL SITIO WEB<\/h3><\/div>\n\n\n\n<p class=\"has-text-color has-link-color wp-elements-760580ca0c9bcca5cc997c60d021d341\" style=\"color:#060640\">Nuestro sitio web recaba autom\u00e1ticamente los siguientes datos:<br><br>\u2022 Identificadores, nombre de usuario y contrase\u00f1as de sesi\u00f3n<\/p>\n\n\n\n<div class=\"wp-block-stackable-heading stk-block-heading stk-block-heading--v2 stk-block stk-664b857\" id=\"contacto\" data-block-id=\"664b857\"><style>.stk-664b857 {min-height:0px !important;align-items:flex-start !important;max-width:839px !important;min-width:auto !important;padding-top:0px !important;padding-right:0px !important;padding-bottom:0px !important;padding-left:0px !important;margin-right:auto !important;margin-left:0px !important;display:flex !important;}.stk-664b857 .stk-block-heading__text{font-size:20px !important;color:#060640 !important;line-height:1.5em !important;font-weight:800 !important;font-style:normal !important;font-family:\"Poppins\", Sans-serif !important;}@media screen and (max-width:999px){.stk-664b857 .stk-block-heading__text{font-size:50px !important;}}@media screen and (max-width:689px){.stk-664b857 {margin-bottom:15px !important;}.stk-664b857 .stk-block-heading__text{font-size:35px !important;}}<\/style><h3 class=\"stk-block-heading__text has-text-color has-palette-color-8-color has-text-align-left\">CONTACTO<\/h3><\/div>\n\n\n\n<p class=\"has-text-color has-link-color wp-elements-ee6d13043fc69a8dec9f3d02243158a4\" style=\"color:#060640\">Para m\u00e1s informaci\u00f3n sobre este aviso de privacidad, puede contactarnos en:<br><br>Correo electr\u00f3nico: solutions.neocore@gmail.com<br>Sitio web: https:\/\/neocorecr.com\/<\/p>\n\n\n\n<p class=\"has-text-color has-link-color wp-elements-58ab3b175f3fb6334a80464eee607a13\" style=\"color:#060640\">\u00daltima actualizaci\u00f3n: 9\/17\/2025<\/p>\n<\/div><\/div><\/div>\n<\/div><\/div>","protected":false},"excerpt":{"rendered":"<p>AVISO DE PRIVACIDAD NeoCore Digital Solutions, con domicilio en Costa Rica, es el responsable del uso y protecci\u00f3n de sus datos personales. FINALIDADES PRIMARIAS Los datos personales que recabamos de usted, los utilizaremos para las siguientes finalidades que son necesarias para el servicio que solicita: \u2022 Respuesta a mensajes del formulario de contacto\u2022 Prestaci\u00f3n de [&hellip;]<\/p>","protected":false},"author":1,"featured_media":821,"parent":0,"menu_order":0,"comment_status":"closed","ping_status":"closed","template":"","meta":{"_monsterinsights_skip_tracking":false,"_monsterinsights_sitenote_active":false,"_monsterinsights_sitenote_note":"","_monsterinsights_sitenote_category":0,"footnotes":""},"class_list":["post-3","page","type-page","status-publish","has-post-thumbnail","hentry"],"blocksy_meta":{"has_hero_section":"disabled","content_style_source":"inherit","vertical_spacing_source":"custom","content_area_spacing":"none","styles_descriptor":{"styles":{"desktop":"","tablet":"","mobile":""},"google_fonts":[],"version":6}},"aioseo_notices":[],"_links":{"self":[{"href":"https:\/\/neocorecr.com\/en\/wp-json\/wp\/v2\/pages\/3","targetHints":{"allow":["GET"]}}],"collection":[{"href":"https:\/\/neocorecr.com\/en\/wp-json\/wp\/v2\/pages"}],"about":[{"href":"https:\/\/neocorecr.com\/en\/wp-json\/wp\/v2\/types\/page"}],"author":[{"embeddable":true,"href":"https:\/\/neocorecr.com\/en\/wp-json\/wp\/v2\/users\/1"}],"replies":[{"embeddable":true,"href":"https:\/\/neocorecr.com\/en\/wp-json\/wp\/v2\/comments?post=3"}],"version-history":[{"count":11,"href":"https:\/\/neocorecr.com\/en\/wp-json\/wp\/v2\/pages\/3\/revisions"}],"predecessor-version":[{"id":2176,"href":"https:\/\/neocorecr.com\/en\/wp-json\/wp\/v2\/pages\/3\/revisions\/2176"}],"wp:featuredmedia":[{"embeddable":true,"href":"https:\/\/neocorecr.com\/en\/wp-json\/wp\/v2\/media\/821"}],"wp:attachment":[{"href":"https:\/\/neocorecr.com\/en\/wp-json\/wp\/v2\/media?parent=3"}],"curies":[{"name":"wp","href":"https:\/\/api.w.org\/{rel}","templated":true}]}}